{"id":45,"date":"2020-01-05T16:28:28","date_gmt":"2020-01-05T14:28:28","guid":{"rendered":"http:\/\/testi.koiratuotteet.fi\/?page_id=45"},"modified":"2020-02-15T15:58:40","modified_gmt":"2020-02-15T13:58:40","slug":"yritys-2","status":"publish","type":"page","link":"https:\/\/www.peuralanasepaja.fi\/","title":{"rendered":"YRITYS"},"content":{"rendered":"<p>2009 toimintansa aloittaneen Peuralan Asepajan toiminta painottuu p\u00e4\u00e4osin kiv\u00e4\u00e4rin piippujen valmistukseen lastuamismenetelm\u00e4ll\u00e4.<\/p>\n<p>Kaliberi- ja piippuvalikoima on kasvanut l\u00e4hes kaikkiin yleisimpiin kokoihin ja tarpeen sek\u00e4 mahdollisuuksien mukaan valikoimaa kasvatetaan my\u00f6s harvinaisempiin vaihtoehtoihin.<\/p>\n<p><a href=\"https:\/\/www.peuralanasepaja.fi\/wp-content\/uploads\/2020\/01\/yritys.jpg\"><img loading=\"lazy\" decoding=\"async\" width=\"488\" height=\"244\" class=\"aligncenter wp-image-8\" alt=\"yritys\" src=\"https:\/\/www.peuralanasepaja.fi\/wp-content\/uploads\/2020\/01\/yritys-300x150.jpg\"><\/a><\/p>\n<p>Piipunvalmistuksen ohella Peuralan Asepaja tekee my\u00f6s asesep\u00e4n t\u00f6it\u00e4. Valikoimaan kuuluu my\u00f6s rihlapiippujen sek\u00e4 kaksoisluotipiippujen valmistus Valmet, Tikka ja Finn Classic sarjan haulikoihin.<\/p>\n<p>Asepajan vuonna 2014 valmistuneet 300m\u00b2 toimitilat sijaitsevat teollisuusalueella Kuortaneella. Asepajan yhteyteen on rakennettu 100m pitk\u00e4 maanalainen koeammunta tunneli.<\/p>\n<p>N\u00e4m\u00e4 asiat tekev\u00e4t Peuralan Asepajasta ainutlaatuisen asesep\u00e4n verstaan Suomessa.<\/p>\n","protected":false},"excerpt":{"rendered":"<p>2009 toimintansa aloittaneen Peuralan Asepajan toiminta painottuu p\u00e4\u00e4osin kiv\u00e4\u00e4rin piippujen valmistukseen lastuamismenetelm\u00e4ll\u00e4. Kaliberi- ja piippuvalikoima on kasvanut l\u00e4hes kaikkiin yleisimpiin kokoihin ja tarpeen sek\u00e4<\/p>\n","protected":false},"author":1,"featured_media":0,"parent":0,"menu_order":1,"comment_status":"closed","ping_status":"closed","template":"","meta":{"footnotes":""},"class_list":["post-45","page","type-page","status-publish","hentry"],"_links":{"self":[{"href":"https:\/\/www.peuralanasepaja.fi\/index.php?rest_route=\/wp\/v2\/pages\/45","targetHints":{"allow":["GET"]}}],"collection":[{"href":"https:\/\/www.peuralanasepaja.fi\/index.php?rest_route=\/wp\/v2\/pages"}],"about":[{"href":"https:\/\/www.peuralanasepaja.fi\/index.php?rest_route=\/wp\/v2\/types\/page"}],"author":[{"embeddable":true,"href":"https:\/\/www.peuralanasepaja.fi\/index.php?rest_route=\/wp\/v2\/users\/1"}],"replies":[{"embeddable":true,"href":"https:\/\/www.peuralanasepaja.fi\/index.php?rest_route=%2Fwp%2Fv2%2Fcomments&post=45"}],"version-history":[{"count":3,"href":"https:\/\/www.peuralanasepaja.fi\/index.php?rest_route=\/wp\/v2\/pages\/45\/revisions"}],"predecessor-version":[{"id":79,"href":"https:\/\/www.peuralanasepaja.fi\/index.php?rest_route=\/wp\/v2\/pages\/45\/revisions\/79"}],"wp:attachment":[{"href":"https:\/\/www.peuralanasepaja.fi\/index.php?rest_route=%2Fwp%2Fv2%2Fmedia&parent=45"}],"curies":[{"name":"wp","href":"https:\/\/api.w.org\/{rel}","templated":true}]}}