{"id":47,"date":"2020-01-05T16:29:05","date_gmt":"2020-01-05T14:29:05","guid":{"rendered":"http:\/\/testi.koiratuotteet.fi\/?page_id=47"},"modified":"2020-01-05T16:56:04","modified_gmt":"2020-01-05T14:56:04","slug":"piiput-2","status":"publish","type":"page","link":"https:\/\/www.peuralanasepaja.fi\/?page_id=47","title":{"rendered":"PIIPUT"},"content":{"rendered":"<p>Asepajan erikoisuutena, sek\u00e4 toiminnan p\u00e4\u00e4painona on kiv\u00e4\u00e4rin piippujen valmistus lastuamismenetelm\u00e4ll\u00e4.<\/p>\n<p>Lastuaminen on vanha ja tarkimpiin kuuluva piipunvalmistus menetelm\u00e4, jossa kaikki ty\u00f6vaiheet tapahtuvat leikkaamalla. T\u00e4m\u00e4 takaa sen, etteiv\u00e4t hyv\u00e4n ja laadukkaan raaka-aineen ominaisuudet muutu, eik\u00e4 piippuun muodostu j\u00e4nnitteit\u00e4, jotka heikent\u00e4isiv\u00e4t sen k\u00e4ynti\u00e4.<a href=\"https:\/\/www.peuralanasepaja.fi\/wp-content\/uploads\/2020\/01\/piiput.jpg\"><img loading=\"lazy\" decoding=\"async\" class=\"alignright wp-image-68 size-medium\" src=\"https:\/\/www.peuralanasepaja.fi\/wp-content\/uploads\/2020\/01\/piiput-300x225.jpg\" alt=\"Piiput\" width=\"300\" height=\"225\"><\/a><\/p>\n<p>Ty\u00f6n kruunaa piippuun k\u00e4sity\u00f6n\u00e4 eri karkeuksilla tehty kolvaus hionta boorikarbidi hiomajauheella, mik\u00e4 tekee piipun sis\u00e4pinnasta tasaisen.<\/p>\n<p>Piippuaihioiden raaka-aine tulee erikoistilauksena Ovakolta, joka valmistaa ter\u00e4ksen vanhaa Tikkakosken resepti\u00e4 mukaillen.<\/p>\n<p>Piippua tilatessa pystyt vaikuttamaan sen rihlannousuun sek\u00e4 profiiliin. Rihlannousu valitaan k\u00e4ytt\u00f6tarkoituksen ja k\u00e4ytett\u00e4v\u00e4n luodin mukaan sopivaksi.<br \/>\nPiipun profiilin saat haluamaasi muotoon. Muotoon sorvaus suoritetaan Microcut CNC-sorvilla, jossa on mukana kulkeva tukilaakeri.<br \/>\nN\u00e4in pystymme valmistamaan sinulle yksil\u00f6llisen piipun toiveidesi mukaan.<\/p>\n<p>Piippu on mahdollista tilata joko raaka-aihiona (rihlattu ja kolvattu reik\u00e4 valmiina), muotoon sorvattuna urituksella tai ilman, taikka valmiiksi aseeseesi asennettuna.<\/p>\n<p>Perinneaseisiin valmistamme my\u00f6s nelirihlaisia luotipiippuja.<\/p>\n","protected":false},"excerpt":{"rendered":"<p>Asepajan erikoisuutena, sek\u00e4 toiminnan p\u00e4\u00e4painona on kiv\u00e4\u00e4rin piippujen valmistus lastuamismenetelm\u00e4ll\u00e4. Lastuaminen on vanha ja tarkimpiin kuuluva piipunvalmistus menetelm\u00e4, jossa kaikki ty\u00f6vaiheet tapahtuvat leikkaamalla. T\u00e4m\u00e4<\/p>\n","protected":false},"author":1,"featured_media":0,"parent":0,"menu_order":2,"comment_status":"closed","ping_status":"closed","template":"","meta":{"footnotes":""},"class_list":["post-47","page","type-page","status-publish","hentry"],"_links":{"self":[{"href":"https:\/\/www.peuralanasepaja.fi\/index.php?rest_route=\/wp\/v2\/pages\/47","targetHints":{"allow":["GET"]}}],"collection":[{"href":"https:\/\/www.peuralanasepaja.fi\/index.php?rest_route=\/wp\/v2\/pages"}],"about":[{"href":"https:\/\/www.peuralanasepaja.fi\/index.php?rest_route=\/wp\/v2\/types\/page"}],"author":[{"embeddable":true,"href":"https:\/\/www.peuralanasepaja.fi\/index.php?rest_route=\/wp\/v2\/users\/1"}],"replies":[{"embeddable":true,"href":"https:\/\/www.peuralanasepaja.fi\/index.php?rest_route=%2Fwp%2Fv2%2Fcomments&post=47"}],"version-history":[{"count":2,"href":"https:\/\/www.peuralanasepaja.fi\/index.php?rest_route=\/wp\/v2\/pages\/47\/revisions"}],"predecessor-version":[{"id":72,"href":"https:\/\/www.peuralanasepaja.fi\/index.php?rest_route=\/wp\/v2\/pages\/47\/revisions\/72"}],"wp:attachment":[{"href":"https:\/\/www.peuralanasepaja.fi\/index.php?rest_route=%2Fwp%2Fv2%2Fmedia&parent=47"}],"curies":[{"name":"wp","href":"https:\/\/api.w.org\/{rel}","templated":true}]}}