{"id":51,"date":"2020-01-05T16:31:53","date_gmt":"2020-01-05T14:31:53","guid":{"rendered":"http:\/\/testi.koiratuotteet.fi\/?page_id=51"},"modified":"2020-02-15T15:59:54","modified_gmt":"2020-02-15T13:59:54","slug":"kaksoisluodikot-rihlapiiput","status":"publish","type":"page","link":"https:\/\/www.peuralanasepaja.fi\/?page_id=51","title":{"rendered":"KAKSOISLUODIKOT \/ RIHLAPIIPUT"},"content":{"rendered":"<p>Mielenkiintoni kohteena on ollut rihlapiippujen sek\u00e4 kaksoisluotipiippujen valmistus Valmet 412, Valmet 512, Tikka 512 sek\u00e4 ensimm\u00e4isiin Finn Classic sarjan haulikoihin.<\/p>\n<p>Uusien mallien sek\u00e4 kaliberien valikoiman kehitys on menossa. Uudet mallit ja kaliberivalikoima julkaistaan kev\u00e4\u00e4n\/kes\u00e4n 2018 aikana.<\/p>\n<p>&nbsp;<\/p>\n<p><a href=\"https:\/\/www.peuralanasepaja.fi\/wp-content\/uploads\/2020\/01\/tupla-ja-rihla.jpg\"><img loading=\"lazy\" decoding=\"async\" width=\"391\" height=\"293\" class=\"aligncenter wp-image-69\" alt=\"Kaksoisluodikot \/ rihlapiiput\" src=\"https:\/\/www.peuralanasepaja.fi\/wp-content\/uploads\/2020\/01\/tupla-ja-rihla-300x225.jpg\"><\/a><\/p>\n","protected":false},"excerpt":{"rendered":"<p>Mielenkiintoni kohteena on ollut rihlapiippujen sek\u00e4 kaksoisluotipiippujen valmistus Valmet 412, Valmet 512, Tikka 512 sek\u00e4 ensimm\u00e4isiin Finn Classic sarjan haulikoihin. Uusien mallien sek\u00e4 kaliberien<\/p>\n","protected":false},"author":1,"featured_media":0,"parent":0,"menu_order":4,"comment_status":"closed","ping_status":"closed","template":"","meta":{"footnotes":""},"class_list":["post-51","page","type-page","status-publish","hentry"],"_links":{"self":[{"href":"https:\/\/www.peuralanasepaja.fi\/index.php?rest_route=\/wp\/v2\/pages\/51","targetHints":{"allow":["GET"]}}],"collection":[{"href":"https:\/\/www.peuralanasepaja.fi\/index.php?rest_route=\/wp\/v2\/pages"}],"about":[{"href":"https:\/\/www.peuralanasepaja.fi\/index.php?rest_route=\/wp\/v2\/types\/page"}],"author":[{"embeddable":true,"href":"https:\/\/www.peuralanasepaja.fi\/index.php?rest_route=\/wp\/v2\/users\/1"}],"replies":[{"embeddable":true,"href":"https:\/\/www.peuralanasepaja.fi\/index.php?rest_route=%2Fwp%2Fv2%2Fcomments&post=51"}],"version-history":[{"count":2,"href":"https:\/\/www.peuralanasepaja.fi\/index.php?rest_route=\/wp\/v2\/pages\/51\/revisions"}],"predecessor-version":[{"id":80,"href":"https:\/\/www.peuralanasepaja.fi\/index.php?rest_route=\/wp\/v2\/pages\/51\/revisions\/80"}],"wp:attachment":[{"href":"https:\/\/www.peuralanasepaja.fi\/index.php?rest_route=%2Fwp%2Fv2%2Fmedia&parent=51"}],"curies":[{"name":"wp","href":"https:\/\/api.w.org\/{rel}","templated":true}]}}