{"id":55,"date":"2020-01-05T16:33:23","date_gmt":"2020-01-05T14:33:23","guid":{"rendered":"http:\/\/testi.koiratuotteet.fi\/?page_id=55"},"modified":"2020-01-05T16:33:23","modified_gmt":"2020-01-05T14:33:23","slug":"ampumatunneli-2","status":"publish","type":"page","link":"https:\/\/www.peuralanasepaja.fi\/?page_id=55","title":{"rendered":"AMPUMATUNNELI"},"content":{"rendered":"<p><a href=\"https:\/\/www.peuralanasepaja.fi\/wp-content\/uploads\/2020\/01\/ampumatunneli.jpg\"><img loading=\"lazy\" decoding=\"async\" class=\"alignright wp-image-62 size-medium\" src=\"https:\/\/www.peuralanasepaja.fi\/wp-content\/uploads\/2020\/01\/ampumatunneli-225x300.jpg\" alt=\"Ampumatunneli\" width=\"225\" height=\"300\"><\/a>Asepajan erikoisuuksiin kuuluu my\u00f6s pajan yhteyteen valmistettu 100m pituinen maanalainen koeammunta tunneli, mik\u00e4 on ainutlaatuinen yksityisen sep\u00e4n verstaassa.<br \/>\nT\u00e4m\u00e4 takaa t\u00e4ysin tuulettoman koeammunta mahdollisuuden.<\/p>\n<p>Tunnelissa voi ampua kaikilla yleisill\u00e4 hirvikalibereilla, pois lukien isot ja nopeat kaliberit kuten 338 Lapua Magnum, 458LOTT ym.<\/p>\n<p>Palveluun kuuluu my\u00f6s kiikarisi kohdistus sek\u00e4 aseesi k\u00e4ynnin tarkastus\/ammunta tuomillasi tehdas patruunoilla.<\/p>\n<p>HUOM!<br \/>\nEMME KOEAMMU J\u00c4LLEENLADATUILLA PATRUUNOILLA.<\/p>\n<p>&nbsp;<\/p>\n<p>&nbsp;<\/p>\n<p><a href=\"https:\/\/www.peuralanasepaja.fi\/wp-content\/uploads\/2020\/01\/ampumatunneli2.jpg\"><img loading=\"lazy\" decoding=\"async\" class=\"alignright wp-image-63 size-medium\" src=\"https:\/\/www.peuralanasepaja.fi\/wp-content\/uploads\/2020\/01\/ampumatunneli2-225x300.jpg\" alt=\"Ampumatunneli\" width=\"225\" height=\"300\"><\/a><\/p>\n<p>&nbsp;<\/p>\n","protected":false},"excerpt":{"rendered":"<p>Asepajan erikoisuuksiin kuuluu my\u00f6s pajan yhteyteen valmistettu 100m pituinen maanalainen koeammunta tunneli, mik\u00e4 on ainutlaatuinen yksityisen sep\u00e4n verstaassa. T\u00e4m\u00e4 takaa t\u00e4ysin tuulettoman koeammunta mahdollisuuden.<\/p>\n","protected":false},"author":1,"featured_media":0,"parent":0,"menu_order":6,"comment_status":"closed","ping_status":"closed","template":"","meta":{"footnotes":""},"class_list":["post-55","page","type-page","status-publish","hentry"],"_links":{"self":[{"href":"https:\/\/www.peuralanasepaja.fi\/index.php?rest_route=\/wp\/v2\/pages\/55","targetHints":{"allow":["GET"]}}],"collection":[{"href":"https:\/\/www.peuralanasepaja.fi\/index.php?rest_route=\/wp\/v2\/pages"}],"about":[{"href":"https:\/\/www.peuralanasepaja.fi\/index.php?rest_route=\/wp\/v2\/types\/page"}],"author":[{"embeddable":true,"href":"https:\/\/www.peuralanasepaja.fi\/index.php?rest_route=\/wp\/v2\/users\/1"}],"replies":[{"embeddable":true,"href":"https:\/\/www.peuralanasepaja.fi\/index.php?rest_route=%2Fwp%2Fv2%2Fcomments&post=55"}],"version-history":[{"count":1,"href":"https:\/\/www.peuralanasepaja.fi\/index.php?rest_route=\/wp\/v2\/pages\/55\/revisions"}],"predecessor-version":[{"id":56,"href":"https:\/\/www.peuralanasepaja.fi\/index.php?rest_route=\/wp\/v2\/pages\/55\/revisions\/56"}],"wp:attachment":[{"href":"https:\/\/www.peuralanasepaja.fi\/index.php?rest_route=%2Fwp%2Fv2%2Fmedia&parent=55"}],"curies":[{"name":"wp","href":"https:\/\/api.w.org\/{rel}","templated":true}]}}