{"id":59,"date":"2020-01-05T16:35:37","date_gmt":"2020-01-05T14:35:37","guid":{"rendered":"http:\/\/testi.koiratuotteet.fi\/?page_id=59"},"modified":"2020-02-15T15:14:55","modified_gmt":"2020-02-15T13:14:55","slug":"jaki-vaimentajat","status":"publish","type":"page","link":"https:\/\/www.peuralanasepaja.fi\/?page_id=59","title":{"rendered":"JAKI VAIMENTAJAT"},"content":{"rendered":"<p><a href=\"https:\/\/www.peuralanasepaja.fi\/wp-content\/uploads\/2020\/01\/Jaki-7824.jpg\"><img loading=\"lazy\" decoding=\"async\" class=\"alignright wp-image-65\" src=\"https:\/\/www.peuralanasepaja.fi\/wp-content\/uploads\/2020\/01\/Jaki-7824-300x134.jpg\" alt=\"Jaki-7824\" width=\"340\" height=\"152\"><\/a>Kotimaiset Jaki Tuotteen valmistamat \u00e4\u00e4nenvaimentajat ovat saaneet hyv\u00e4n jalansijan ja maineen vaimenninmarkkinoilla.<br \/>\nPeuralan Asepaja on asentanut Jaki Tuotteen vaimentimia n. 7 vuoden ajan. Hyv\u00e4n laadun, toimivuuden ja asiakkailta saadun palautteen my\u00f6t\u00e4 Jaki vaimentimet ovat nousseet asennuksien puolesta suosituimmaksi vaimentimeksi.<\/p>\n<p>Hyllyss\u00e4 pyrit\u00e4\u00e4n pit\u00e4m\u00e4\u00e4n yleisimm\u00e4t kaliberit. Jos haluamasi kaliberin vaimennin on p\u00e4\u00e4ssyt loppumaan, on Jaki Tuotteen toimitusajat olleet nopeat.<\/p>\n<p>Jaki Tuotteella on runsas mallivalikoima. Asennuksissa suosikiksi on valikoitunut Jaki Classic i, joka toimii erinomaisena yleisvaimentimena mets\u00e4stys ja rata-aseissa sen keveyden ja tehon puolesta.<br \/>\nMalleihin voit tutustua tarkemmin <a href=\"http:\/\/www.jaki.fi\" target=\"_blank\" rel=\"noopener noreferrer\">Jaki Tuotteen kotisivuilla<\/a>.<\/p>\n<p>Vaimenninasennukset onnistuvat joko odottaessasi paikanp\u00e4\u00e4ll\u00e4 tai k\u00e4ydess\u00e4si kahvilla tai muilla asioilla. Asennus vie aikaa noin tunnin.<\/p>\n","protected":false},"excerpt":{"rendered":"<p>Kotimaiset Jaki Tuotteen valmistamat \u00e4\u00e4nenvaimentajat ovat saaneet hyv\u00e4n jalansijan ja maineen vaimenninmarkkinoilla. Peuralan Asepaja on asentanut Jaki Tuotteen vaimentimia n. 7 vuoden ajan. Hyv\u00e4n<\/p>\n","protected":false},"author":1,"featured_media":0,"parent":0,"menu_order":8,"comment_status":"closed","ping_status":"closed","template":"","meta":{"footnotes":""},"class_list":["post-59","page","type-page","status-publish","hentry"],"_links":{"self":[{"href":"https:\/\/www.peuralanasepaja.fi\/index.php?rest_route=\/wp\/v2\/pages\/59","targetHints":{"allow":["GET"]}}],"collection":[{"href":"https:\/\/www.peuralanasepaja.fi\/index.php?rest_route=\/wp\/v2\/pages"}],"about":[{"href":"https:\/\/www.peuralanasepaja.fi\/index.php?rest_route=\/wp\/v2\/types\/page"}],"author":[{"embeddable":true,"href":"https:\/\/www.peuralanasepaja.fi\/index.php?rest_route=\/wp\/v2\/users\/1"}],"replies":[{"embeddable":true,"href":"https:\/\/www.peuralanasepaja.fi\/index.php?rest_route=%2Fwp%2Fv2%2Fcomments&post=59"}],"version-history":[{"count":2,"href":"https:\/\/www.peuralanasepaja.fi\/index.php?rest_route=\/wp\/v2\/pages\/59\/revisions"}],"predecessor-version":[{"id":74,"href":"https:\/\/www.peuralanasepaja.fi\/index.php?rest_route=\/wp\/v2\/pages\/59\/revisions\/74"}],"wp:attachment":[{"href":"https:\/\/www.peuralanasepaja.fi\/index.php?rest_route=%2Fwp%2Fv2%2Fmedia&parent=59"}],"curies":[{"name":"wp","href":"https:\/\/api.w.org\/{rel}","templated":true}]}}